{"id":13,"date":"2020-08-21T07:54:00","date_gmt":"2020-08-21T07:54:00","guid":{"rendered":"http:\/\/www.aseplan.com\/?page_id=13"},"modified":"2020-10-13T10:39:44","modified_gmt":"2020-10-13T10:39:44","slug":"home","status":"publish","type":"page","link":"https:\/\/www.aseplan.com\/","title":{"rendered":"Home"},"content":{"rendered":"\t\t<div data-elementor-type=\"wp-page\" data-elementor-id=\"13\" class=\"elementor elementor-13\" data-elementor-settings=\"[]\">\n\t\t\t\t\t\t<div class=\"elementor-inner\">\n\t\t\t\t\t\t\t<div class=\"elementor-section-wrap\">\n\t\t\t\t\t\t\t<section class=\"elementor-section elementor-top-section elementor-element elementor-element-7db45ab elementor-section-height-min-height elementor-section-boxed elementor-section-height-default elementor-section-items-middle\" data-id=\"7db45ab\" data-element_type=\"section\" data-settings=\"{&quot;background_background&quot;:&quot;classic&quot;}\">\n\t\t\t\t\t\t<div class=\"elementor-container elementor-column-gap-default\">\n\t\t\t\t\t\t\t<div class=\"elementor-row\">\n\t\t\t\t\t<div class=\"elementor-column elementor-col-50 elementor-top-column elementor-element elementor-element-d8d0f22\" data-id=\"d8d0f22\" data-element_type=\"column\">\n\t\t\t<div class=\"elementor-column-wrap elementor-element-populated\">\n\t\t\t\t\t\t\t<div class=\"elementor-widget-wrap\">\n\t\t\t\t\t\t<div class=\"elementor-element elementor-element-f7db3b6 elementor-widget elementor-widget-image\" data-id=\"f7db3b6\" data-element_type=\"widget\" data-widget_type=\"image.default\">\n\t\t\t\t<div class=\"elementor-widget-container\">\n\t\t\t\t\t<div class=\"elementor-image\">\n\t\t\t\t\t\t\t\t\t\t<img width=\"369\" height=\"162\" src=\"https:\/\/www.aseplan.com\/wp-content\/uploads\/2020\/08\/logo.png\" class=\"attachment-large size-large\" alt=\"\" loading=\"lazy\" srcset=\"https:\/\/www.aseplan.com\/wp-content\/uploads\/2020\/08\/logo.png 369w, https:\/\/www.aseplan.com\/wp-content\/uploads\/2020\/08\/logo-300x132.png 300w\" sizes=\"(max-width: 369px) 100vw, 369px\" \/>\t\t\t\t\t\t\t\t\t\t\t<\/div>\n\t\t\t\t<\/div>\n\t\t\t\t<\/div>\n\t\t\t\t\t\t<\/div>\n\t\t\t\t\t<\/div>\n\t\t<\/div>\n\t\t\t\t<div class=\"elementor-column elementor-col-50 elementor-top-column elementor-element elementor-element-2f78300\" data-id=\"2f78300\" data-element_type=\"column\">\n\t\t\t<div class=\"elementor-column-wrap elementor-element-populated\">\n\t\t\t\t\t\t\t<div class=\"elementor-widget-wrap\">\n\t\t\t\t\t\t<div class=\"elementor-element elementor-element-84c3d50 elementor-widget elementor-widget-shortcode\" data-id=\"84c3d50\" data-element_type=\"widget\" data-widget_type=\"shortcode.default\">\n\t\t\t\t<div class=\"elementor-widget-container\">\n\t\t\t\t\t<div class=\"elementor-shortcode\"><ul class=\"polylang_langswitcher\"><\/ul><\/div>\n\t\t\t\t<\/div>\n\t\t\t\t<\/div>\n\t\t\t\t\t\t<\/div>\n\t\t\t\t\t<\/div>\n\t\t<\/div>\n\t\t\t\t\t\t\t\t<\/div>\n\t\t\t\t\t<\/div>\n\t\t<\/section>\n\t\t\t\t<section class=\"elementor-section elementor-top-section elementor-element elementor-element-e0fc4e7 elementor-section-boxed elementor-section-height-default elementor-section-height-default\" data-id=\"e0fc4e7\" data-element_type=\"section\" data-settings=\"{&quot;background_background&quot;:&quot;classic&quot;}\">\n\t\t\t\t\t\t<div class=\"elementor-container elementor-column-gap-default\">\n\t\t\t\t\t\t\t<div class=\"elementor-row\">\n\t\t\t\t\t<div class=\"elementor-column elementor-col-100 elementor-top-column elementor-element elementor-element-0abe2a6\" data-id=\"0abe2a6\" data-element_type=\"column\">\n\t\t\t<div class=\"elementor-column-wrap elementor-element-populated\">\n\t\t\t\t\t\t\t<div class=\"elementor-widget-wrap\">\n\t\t\t\t\t\t<div class=\"elementor-element elementor-element-db9e0ae elementor-widget elementor-widget-text-editor\" data-id=\"db9e0ae\" data-element_type=\"widget\" data-widget_type=\"text-editor.default\">\n\t\t\t\t<div class=\"elementor-widget-container\">\n\t\t\t\t\t<div class=\"elementor-text-editor elementor-clearfix\"><a href=\"https:\/\/es-es.facebook.com\/AseplanAholkularitza\/\" target=\"_blank\" class=\"my-social-icon\"><i class=\"fab fa-facebook-f\"><\/i> S\u00edguenos en Facebook<\/a><\/div>\n\t\t\t\t<\/div>\n\t\t\t\t<\/div>\n\t\t\t\t\t\t<\/div>\n\t\t\t\t\t<\/div>\n\t\t<\/div>\n\t\t\t\t\t\t\t\t<\/div>\n\t\t\t\t\t<\/div>\n\t\t<\/section>\n\t\t\t\t<section class=\"elementor-section elementor-top-section elementor-element elementor-element-21c635e elementor-section-full_width elementor-section-height-default elementor-section-height-default\" data-id=\"21c635e\" data-element_type=\"section\">\n\t\t\t\t\t\t<div class=\"elementor-container elementor-column-gap-no\">\n\t\t\t\t\t\t\t<div class=\"elementor-row\">\n\t\t\t\t\t<div class=\"elementor-column elementor-col-50 elementor-top-column elementor-element elementor-element-e62cd73\" data-id=\"e62cd73\" data-element_type=\"column\">\n\t\t\t<div class=\"elementor-column-wrap elementor-element-populated\">\n\t\t\t\t\t\t\t<div class=\"elementor-widget-wrap\">\n\t\t\t\t\t\t<div class=\"elementor-element elementor-element-6191b18 elementor-widget elementor-widget-premium-addon-banner\" data-id=\"6191b18\" data-element_type=\"widget\" data-widget_type=\"premium-addon-banner.default\">\n\t\t\t\t<div class=\"elementor-widget-container\">\n\t\t\t            <div id=\"premium-banner-6191b18\" class=\"premium-banner\">\r\n\t\t\t\t<div class=\"premium-banner-ib premium-banner-animation1 none premium-banner-min-height\">\r\n\t\t\t\t\t                        <img width=\"1000\" height=\"657\" src=\"https:\/\/www.aseplan.com\/wp-content\/uploads\/2020\/10\/fincas-portada.jpg\" class=\"attachment-full size-full\" alt=\"\" loading=\"lazy\" srcset=\"https:\/\/www.aseplan.com\/wp-content\/uploads\/2020\/10\/fincas-portada.jpg 1000w, https:\/\/www.aseplan.com\/wp-content\/uploads\/2020\/10\/fincas-portada-300x197.jpg 300w, https:\/\/www.aseplan.com\/wp-content\/uploads\/2020\/10\/fincas-portada-768x505.jpg 768w\" sizes=\"(max-width: 1000px) 100vw, 1000px\" \/>\t\t\t\t\t<div class=\"premium-banner-ib-desc\">\r\n                                                <div class=\"premium-banner-desc-centered\">\r\n\t\t\t\t\t\t    <div class=\"premium-banner-title-wrap\"><h3 class=\"premium-banner-ib-title premium_banner_title\">Administraci\u00f3n de fincas<\/h3><\/div>                                            <\/div>\r\n\t\t\t\t\t<\/div>\r\n\t\t\t\t\t<a class=\"premium-banner-ib-link\" href=\"https:\/\/www.aseplan.com\/index.php\/administracion-de-fincas\/\" title=\"\"><\/a>\t\t\t\t<\/div>\r\n                \t\t\t<\/div>\r\n\t\t\t\t<\/div>\n\t\t\t\t<\/div>\n\t\t\t\t\t\t<\/div>\n\t\t\t\t\t<\/div>\n\t\t<\/div>\n\t\t\t\t<div class=\"elementor-column elementor-col-50 elementor-top-column elementor-element elementor-element-f159c60\" data-id=\"f159c60\" data-element_type=\"column\">\n\t\t\t<div class=\"elementor-column-wrap elementor-element-populated\">\n\t\t\t\t\t\t\t<div class=\"elementor-widget-wrap\">\n\t\t\t\t\t\t<div class=\"elementor-element elementor-element-adc5d27 elementor-widget elementor-widget-premium-addon-banner\" data-id=\"adc5d27\" data-element_type=\"widget\" data-widget_type=\"premium-addon-banner.default\">\n\t\t\t\t<div class=\"elementor-widget-container\">\n\t\t\t            <div id=\"premium-banner-adc5d27\" class=\"premium-banner\">\r\n\t\t\t\t<div class=\"premium-banner-ib premium-banner-animation1 none premium-banner-min-height\">\r\n\t\t\t\t\t                        <img width=\"1000\" height=\"657\" src=\"https:\/\/www.aseplan.com\/wp-content\/uploads\/2020\/10\/asesoria-portada.jpg\" class=\"attachment-full size-full\" alt=\"\" loading=\"lazy\" srcset=\"https:\/\/www.aseplan.com\/wp-content\/uploads\/2020\/10\/asesoria-portada.jpg 1000w, https:\/\/www.aseplan.com\/wp-content\/uploads\/2020\/10\/asesoria-portada-300x197.jpg 300w, https:\/\/www.aseplan.com\/wp-content\/uploads\/2020\/10\/asesoria-portada-768x505.jpg 768w\" sizes=\"(max-width: 1000px) 100vw, 1000px\" \/>\t\t\t\t\t<div class=\"premium-banner-ib-desc\">\r\n                                                <div class=\"premium-banner-desc-centered\">\r\n\t\t\t\t\t\t    <div class=\"premium-banner-title-wrap\"><h3 class=\"premium-banner-ib-title premium_banner_title\">Asesor\u00eda<\/h3><\/div>                                            <\/div>\r\n\t\t\t\t\t<\/div>\r\n\t\t\t\t\t<a class=\"premium-banner-ib-link\" href=\"https:\/\/www.aseplan.com\/index.php\/asesoria\/\" title=\"\"><\/a>\t\t\t\t<\/div>\r\n                \t\t\t<\/div>\r\n\t\t\t\t<\/div>\n\t\t\t\t<\/div>\n\t\t\t\t\t\t<\/div>\n\t\t\t\t\t<\/div>\n\t\t<\/div>\n\t\t\t\t\t\t\t\t<\/div>\n\t\t\t\t\t<\/div>\n\t\t<\/section>\n\t\t\t\t\t\t<\/div>\n\t\t\t\t\t\t<\/div>\n\t\t\t\t\t<\/div>\n\t\t","protected":false},"excerpt":{"rendered":"<p>S\u00edguenos en Facebook Administraci\u00f3n de fincas Asesor\u00eda<\/p>\n","protected":false},"author":1,"featured_media":0,"parent":0,"menu_order":0,"comment_status":"closed","ping_status":"closed","template":"elementor_header_footer","meta":[],"_links":{"self":[{"href":"https:\/\/www.aseplan.com\/index.php\/wp-json\/wp\/v2\/pages\/13"}],"collection":[{"href":"https:\/\/www.aseplan.com\/index.php\/wp-json\/wp\/v2\/pages"}],"about":[{"href":"https:\/\/www.aseplan.com\/index.php\/wp-json\/wp\/v2\/types\/page"}],"author":[{"embeddable":true,"href":"https:\/\/www.aseplan.com\/index.php\/wp-json\/wp\/v2\/users\/1"}],"replies":[{"embeddable":true,"href":"https:\/\/www.aseplan.com\/index.php\/wp-json\/wp\/v2\/comments?post=13"}],"version-history":[{"count":45,"href":"https:\/\/www.aseplan.com\/index.php\/wp-json\/wp\/v2\/pages\/13\/revisions"}],"predecessor-version":[{"id":545,"href":"https:\/\/www.aseplan.com\/index.php\/wp-json\/wp\/v2\/pages\/13\/revisions\/545"}],"wp:attachment":[{"href":"https:\/\/www.aseplan.com\/index.php\/wp-json\/wp\/v2\/media?parent=13"}],"curies":[{"name":"wp","href":"https:\/\/api.w.org\/{rel}","templated":true}]}}