{"id":427,"date":"2020-10-03T12:57:59","date_gmt":"2020-10-03T12:57:59","guid":{"rendered":"http:\/\/www.aseplan.com\/?page_id=427"},"modified":"2020-10-03T13:03:09","modified_gmt":"2020-10-03T13:03:09","slug":"cookien-politika","status":"publish","type":"page","link":"https:\/\/www.aseplan.com\/index.php\/eu\/cookien-politika\/","title":{"rendered":"Cookien politika"},"content":{"rendered":"\t\t<div data-elementor-type=\"wp-page\" data-elementor-id=\"427\" class=\"elementor elementor-427\" data-elementor-settings=\"[]\">\n\t\t\t\t\t\t<div class=\"elementor-inner\">\n\t\t\t\t\t\t\t<div class=\"elementor-section-wrap\">\n\t\t\t\t\t\t\t<section class=\"elementor-section elementor-top-section elementor-element elementor-element-b15375c elementor-section-boxed elementor-section-height-default elementor-section-height-default\" data-id=\"b15375c\" data-element_type=\"section\">\n\t\t\t\t\t\t<div class=\"elementor-container elementor-column-gap-default\">\n\t\t\t\t\t\t\t<div class=\"elementor-row\">\n\t\t\t\t\t<div class=\"elementor-column elementor-col-100 elementor-top-column elementor-element elementor-element-8553b4d\" data-id=\"8553b4d\" data-element_type=\"column\">\n\t\t\t<div class=\"elementor-column-wrap elementor-element-populated\">\n\t\t\t\t\t\t\t<div class=\"elementor-widget-wrap\">\n\t\t\t\t\t\t<div class=\"elementor-element elementor-element-dc8a601 elementor-widget elementor-widget-spacer\" data-id=\"dc8a601\" data-element_type=\"widget\" data-widget_type=\"spacer.default\">\n\t\t\t\t<div class=\"elementor-widget-container\">\n\t\t\t\t\t<div class=\"elementor-spacer\">\n\t\t\t<div class=\"elementor-spacer-inner\"><\/div>\n\t\t<\/div>\n\t\t\t\t<\/div>\n\t\t\t\t<\/div>\n\t\t\t\t<div class=\"elementor-element elementor-element-e264013 elementor-widget elementor-widget-heading\" data-id=\"e264013\" data-element_type=\"widget\" data-widget_type=\"heading.default\">\n\t\t\t\t<div class=\"elementor-widget-container\">\n\t\t\t<h1 class=\"elementor-heading-title elementor-size-default\">Cookieen gaineko jokabidea<\/h1>\t\t<\/div>\n\t\t\t\t<\/div>\n\t\t\t\t<div class=\"elementor-element elementor-element-9527322 elementor-widget elementor-widget-spacer\" data-id=\"9527322\" data-element_type=\"widget\" data-widget_type=\"spacer.default\">\n\t\t\t\t<div class=\"elementor-widget-container\">\n\t\t\t\t\t<div class=\"elementor-spacer\">\n\t\t\t<div class=\"elementor-spacer-inner\"><\/div>\n\t\t<\/div>\n\t\t\t\t<\/div>\n\t\t\t\t<\/div>\n\t\t\t\t\t\t<\/div>\n\t\t\t\t\t<\/div>\n\t\t<\/div>\n\t\t\t\t\t\t\t\t<\/div>\n\t\t\t\t\t<\/div>\n\t\t<\/section>\n\t\t\t\t<section class=\"elementor-section elementor-top-section elementor-element elementor-element-481d9b6 elementor-section-boxed elementor-section-height-default elementor-section-height-default\" data-id=\"481d9b6\" data-element_type=\"section\">\n\t\t\t\t\t\t<div class=\"elementor-container elementor-column-gap-default\">\n\t\t\t\t\t\t\t<div class=\"elementor-row\">\n\t\t\t\t\t<div class=\"elementor-column elementor-col-100 elementor-top-column elementor-element elementor-element-488a246\" data-id=\"488a246\" data-element_type=\"column\">\n\t\t\t<div class=\"elementor-column-wrap elementor-element-populated\">\n\t\t\t\t\t\t\t<div class=\"elementor-widget-wrap\">\n\t\t\t\t\t\t<div class=\"elementor-element elementor-element-3c1277c elementor-widget elementor-widget-text-editor\" data-id=\"3c1277c\" data-element_type=\"widget\" data-widget_type=\"text-editor.default\">\n\t\t\t\t<div class=\"elementor-widget-container\">\n\t\t\t\t\t<div class=\"elementor-text-editor elementor-clearfix\"><p><strong>a)<\/strong> Cookieen erabilera.<\/p><p><strong>b)<\/strong> Cookie motak, helburua eta funtzionamendua.<\/p><p><strong>c)<\/strong> Nola desgaitu cookieak nabigatzailerik nagusienetan.<\/p><p><strong>d)<\/strong> Zer gertatzen da cookieak desgaitzen badituzu.<\/p><p><strong>\u00a0<\/strong><\/p><p>a) Aseplan Aholkularitza, S.L.k cookieak erabiltzea, izen komertzialarekin eta aurrerantzean \u201c<strong>Aseplan<\/strong>\u201d<\/p><p><strong>Aseplan\u00b4ek<\/strong>\u00abcookieak\u00bb eta antzeko tresnak (hemendik aurrera, cookieak) erabiltzen ditu. Cookieak web-zerbitzari baten bidez nabigatzaile batera bidaltzen diren fitxategiak dira, <strong>Babestu-lopd<\/strong>-ren webgunean (hemendik aurrera, Serbizuak) erabiltzaile batek egiten dituen jardueren berri izateko. Cookie horien lehenengo helburua da Erabiltzaileari aukeratutako Zerbitzuetara sarbide azkarragoa eskaintzea. Horrez gain, cookieek pertsonalizatu egiten dituzte <strong>Aseplan\u00b4ek<\/strong> \u00a0ematen dituen zerbitzuak, Erabiltzaile bakoitzari bere interesekoa den edo izan daitekeen informazioa erraztuz eta emanaz, Zerbitzu horietan egiten duen erabileraren arabera.<\/p><p><strong>Aseplan\u00b4ek<\/strong>, gainera, Erabiltzailearen nabigazioa pertsonalizatu eta ahalik errazena izateko erabiltzen ditu cookieak. Cookieak erabiltzaile anonimo bati eta bere ordenagailuari bakarrik lotzen zaizkio, eta ez dute Erabiltzailearen datu pertsonalak ateratzeko aukerarik emango duen erreferentziarik ematen. Erabiltzaileak bere nabigatzailea prestatu egin dezake, <strong>Aseplan\u00b4ek<\/strong> bidaliko dizkion cookieak bere ordenagailuan jarriko direla jakitera emateko eta horri ezezkoa emateko, betiere hori egiteak webgune horretan dauden Edukietara sartzeko aukera eragotzi gabe Erabiltzaileari. Hala ere, jakitera ematen dizugu webgunearen funtzionamenduaren kalitatea murriztu egin daitekeela.<\/p><p>Erregistratutako erabiltzaileek, erregistroa egindakoan edo saioari hasera emandakoan, zerbitzu pertsonalizatuagoak eta bere profilera bideratuagoak izan ditzakete, cookietan gordeak dauden datuak erregistroa egiterakoan erabilitako datu pertsonalekin elkartzearen ondorioz. Erabiltzaile horiek baimena ematen dute, espresuki, informazio hori erabilia izan dadin aipatutako helburu horretarako, cookieei ezetz esateko edota haiek desgaitzeko duten eskubidearen kalterik gabe.<\/p><p><strong>b) Cookie motak, helburua eta funtzionamendua:<\/strong><\/p><p>Cookieak, duten iraupenaren arabera, Saioko Cookieak eta Cookie Iraunkorrak izan daitezke. Lehenengo horiek desagertu egiten dira Erabiltzaileak nabigatzailea ixten duenean. Bigarrenak, berriz, duten helburua betetzen dutenean edota eskuz ezabatzen direnean desagertzen dira.<\/p><p>Horrez gain, eta duten helburuaren arabera, cookieak honela sailka daitezke:<\/p><p>* GEO-KOKAPENERAKO COOKIEAK: Zerbitzu bat eskatzen denean Zu zein lurraldetan kokatua zauden jakiteko erabiltzen dira. Cookie hauek erabat anonimoak izaten dira eta webgunearen zerbitzua zure kokapenera egokitzen laguntzeko bakarrik erabiltzen dira.<\/p><p>* ERREGISTRO COOKIEAK: Erregistro cookieak Erabiltzailea erregistratu denean edota ondoren bere saioa ireki duenean sortzen direnak dira, eta Zerbitzuetan zu identifikatzeko balio dute, honako helburuekin:<\/p><p>&#8211; Erabiltzailea identifikatuta mantendu, nabigatzaileak edo ordenagailuak Zerbitzua ixten badu, eta egunean zehar beste uneren batean berriro Zerbitzu horretan sartzen bada, identifikatuta jarraitzeko, horrela bere nabigazioa erraztuz, berriro identifikatzen ibili beharrik gabe. Aukera hau kendu egin daiteke Erabiltzaileak \u201cSaioa itxi\u201d tekla sakatzen badu, eta horrela cookie hau ezabatu egingo da, eta Erabiltzailea berriro Zerbitzuan sartzen denean saioa haseratik ekin beharko du, identifikatu ahal izateko.<\/p><p>&#8211; Erabiltzaileak zerbitzu zehatz batzuetara sartzeko baimena duen egiaztatzeko, adibidez, lehiaketa batean parte hartu ahal izateko.<\/p><p>* ANALISI COOKIEAK: Erabiltzaile batek Zerbitzu batera ikustaldia egiten duen bakoitzean analisi cookie bat sortzen du Erabiltzailearen ordenagailuan. Cookie hau ikustaldian bakarrik sortzen da, eta <strong>Babestu-lopd<\/strong>-ren Zerbitzuetara hurrengo aldi batean sartzen denean bisitaria modu anonimoan identifikatzeko balioko du. Horrekin lortu nahi diren helburu nagusiak honako hauek dira:<\/p><p>&#8211; \u201cCookie\u201d horren bidez Erabiltzaile nabigatzaileak modu anonimoan identifikatu ahal izatea (nabigatzaileak eta dispositiboak identifikatzen ditu, ez pertsonak) eta, beraz, bisitari-kopurua gutxi gorabehera kontabilizatzea eta denboran zehar duten tendentzia ikustea.<\/p><p>&#8211; Edukirik ikusienak, eta beraz, Erabiltzaileentzat erakargarrienak, identifikatzea, modu anonimoan.<\/p><p>&#8211; Webgunera sartu den erabiltzailea berria den edota berriro sartzen ari den jakitea.<\/p><p>Garrantzitsua: Erabiltzaile batek <strong>\u00a0Aseplan\u00b4en<\/strong> batean erregistratzea erabaki ezean, \u201ccookiea\u201d ez da inoiz egongo erabiltzaile hori identifika dezakeen izaera pertsonaleko inolako daturi lotua. Cookie horiek estadistika helburuetarako bakarrik erabiliko dira, Erabiltzaileek webgune horretan duten nabigazioa hobetzen laguntzeko.<\/p><p><strong>*Elkarekintza Soziala<\/strong> : Cookieak erabiltzen ditugu zuzenean sare sozialetan edukiak partekatzeko, Facebook, Twitter o Google+ modukoak, Adibide bat \u00abgustuko\u00bb edo \u00abtweet\u00bb gainean klikatzean egongo litzateke gure webgunean iragarritako negozio edo produktuei buruz.<\/p><p><strong>c) Nola desgaitu Cookieak nabigatzaile nagusienetan:<\/strong><\/p><p>Normalean nabigatzailean onartu gabe utz daitezke cookieak, edota zerbitzu zehatz batean onartzeari utzi cookie horiek. Nabigatzaile moderno guztiek eskaintzen dute Cookieen egituraketa aldatzeko aukera. Aldaketa hauek normalean zure nabigatzailearen aukera-menuko \u201caukerak\u201d edo \u201cezarpenak\u201d atalean izango dituzu.<\/p><p><strong>Aseplan\u00b4ek<\/strong> orientazioa eskaintzen dio Erabiltzaileari cookien konfigurazio-menura iristeko eta, legokiokeenean, izkutuko nabigazioa egiteko, nabigatzailerik garrantzitsuenetan:<\/p><p>&#8211; <strong>Internet Explorer<\/strong>: Tresnak &gt; Internet aukerak &gt; Pribatutasuna &gt; Ezarpenak. Argibide zehatzagoak izateko, Microsoft beraren euskarrian edota nabigatzaileko Laguntza atalean begira dezakezu.<\/p><p><a href=\"http:\/\/windows.microsoft.com\/es-es\/windows-vista\/Block-or-allow-cookies\">http:\/\/windows.microsoft.com\/es-es\/windows-vista\/Block-or-allow-cookies<\/a><\/p><p>&#8211; <strong>Firefox<\/strong>: Tresnak &gt; Aukerak &gt; Pribatutasuna &gt; Historia &gt; Firefox(e)k: Ezarpen pertsonalizatuak erabiliko ditu historiarako. Argibide zehatzagoak izateko, Mozilla beraren euskarrian edota nabigatzaileko Laguntza atalean begira dezakezu.<\/p><p>\u00a0\u00a0\u00a0\u00a0 \u00a0\u00a0\u00a0\u00a0\u00a0<a href=\"http:\/\/support.mozilla.org\/es\/kb\/impedir-que-los-sitios-web-guarden-sus-preferencia\"><strong>Mozilla Firefox<\/strong>: http:\/\/support.mozilla.org\/es\/kb\/impedir-que-los-sitios-web-guarden-sus-preferencia<\/a><\/p><p>&#8211; <strong>Google<\/strong> <strong>Chrome<\/strong>: Ezarpenak &gt; Erakutsi aukera aurreratuak &gt; Pribatutasuna &gt; Edukiaren ezarpenak. Argibide zehatzagoak izateko, Google beraren euskarrian edota nabigatzaileko Laguntza atalean begira dezakezu.<\/p><p><a href=\"https:\/\/support.google.com\/accounts\/answer\/61416?hl=es\">https:\/\/support.google.com\/accounts\/answer\/61416?hl=es<\/a><\/p><p><a href=\"https:\/\/support.google.com\/chrome\/answer\/95647?hl=es\">https:\/\/support.google.com\/chrome\/answer\/95647?hl=es<\/a><\/p><p>&#8211; <strong>Safari:<\/strong> Hobespenak &gt; Segurtasuna. Argibide zehatzagoak izateko, Apple beraren euskarrian edota nabigatzaileko Laguntza atalean begira dezakezu.<\/p><p><a href=\"http:\/\/safari.helpmax.net\/es\/privacidad-y-seguridad\/como-gestionar-las-cookies\/\">http:\/\/safari.helpmax.net\/es\/privacidad-y-seguridad\/como-gestionar-las-cookies\/<\/a><\/p><p>Adem\u00e1s, tambi\u00e9n puede gestionar el almac\u00e9n de cookies en su navegador a trav\u00e9s de herramientas como\u00a0 las siguientes<\/p><ul><li><a href=\"http:\/\/www.ghostery.com\/\">Ghostery: www.ghostery.com\/<\/a><\/li><li><a href=\"http:\/\/www.youronlinechoices.com\/es\/\">Your online choices: www.youronlinechoices.com\/es\/<\/a><\/li><\/ul><p><strong>d) Zer gertatuko da Cookieak desgaitzen badituzu?<\/strong><\/p><p>Zerbitzuetako funtzionaltasun batzuk desgaituta geratuko dira, esate baterako, identifikatuta egotea, \u201cerosketetarako orgatxoa\u201drekin erosketak mantentzea e-merkataritzako zerbitzu batean, zure lokalizaziora bideratutako informazioa jasotzea edota zenbait bideo ikusteko aukera.<\/p><p><strong>Pribatutasun\/Cookieen gaineko jokabidean eguneratzeak eta aldaketak<\/strong><\/p><p><strong>Aseplan\u00b4ek<\/strong> aldatu egin dezake Cookieen gaineko jokabide hau legeek\u00a0 edo erregelamenduek eskatzen dituzten betebeharren ondorioz, edota jokabide hori Datuen Babeserako Espainiako Agentziak\/Agencia Espa\u00f1ola de Protecci\u00f3n de Datos erakundeak emandako jarraibideetara egokitzeko, eta horregatik, Erabiltzaileei gomendatzen zaie aldian-aldian sar daitezela atal honetara. Cookieei buruzko Jokabide honetan aldaketa esanguratsuak gertatzen direnean, Erabiltzaileen jakinean jarriko dira, bai webguneare<\/p><\/div>\n\t\t\t\t<\/div>\n\t\t\t\t<\/div>\n\t\t\t\t\t\t<\/div>\n\t\t\t\t\t<\/div>\n\t\t<\/div>\n\t\t\t\t\t\t\t\t<\/div>\n\t\t\t\t\t<\/div>\n\t\t<\/section>\n\t\t\t\t<section class=\"elementor-section elementor-top-section elementor-element elementor-element-2c50c00 elementor-section-boxed elementor-section-height-default elementor-section-height-default\" data-id=\"2c50c00\" data-element_type=\"section\">\n\t\t\t\t\t\t<div class=\"elementor-container elementor-column-gap-default\">\n\t\t\t\t\t\t\t<div class=\"elementor-row\">\n\t\t\t\t\t<div class=\"elementor-column elementor-col-100 elementor-top-column elementor-element elementor-element-d1f4d4b\" data-id=\"d1f4d4b\" data-element_type=\"column\">\n\t\t\t<div class=\"elementor-column-wrap elementor-element-populated\">\n\t\t\t\t\t\t\t<div class=\"elementor-widget-wrap\">\n\t\t\t\t\t\t<div class=\"elementor-element elementor-element-2faad71 elementor-widget elementor-widget-spacer\" data-id=\"2faad71\" data-element_type=\"widget\" data-widget_type=\"spacer.default\">\n\t\t\t\t<div class=\"elementor-widget-container\">\n\t\t\t\t\t<div class=\"elementor-spacer\">\n\t\t\t<div class=\"elementor-spacer-inner\"><\/div>\n\t\t<\/div>\n\t\t\t\t<\/div>\n\t\t\t\t<\/div>\n\t\t\t\t\t\t<\/div>\n\t\t\t\t\t<\/div>\n\t\t<\/div>\n\t\t\t\t\t\t\t\t<\/div>\n\t\t\t\t\t<\/div>\n\t\t<\/section>\n\t\t\t\t<section class=\"elementor-section elementor-top-section elementor-element elementor-element-76fcceb elementor-section-boxed elementor-section-height-default elementor-section-height-default\" data-id=\"76fcceb\" data-element_type=\"section\" data-settings=\"{&quot;background_background&quot;:&quot;classic&quot;}\">\n\t\t\t\t\t\t<div class=\"elementor-container elementor-column-gap-default\">\n\t\t\t\t\t\t\t<div class=\"elementor-row\">\n\t\t\t\t\t<div class=\"elementor-column elementor-col-50 elementor-top-column elementor-element elementor-element-fee102b\" data-id=\"fee102b\" data-element_type=\"column\">\n\t\t\t<div class=\"elementor-column-wrap elementor-element-populated\">\n\t\t\t\t\t\t\t<div class=\"elementor-widget-wrap\">\n\t\t\t\t\t\t<div class=\"elementor-element elementor-element-281825d elementor-widget elementor-widget-heading\" data-id=\"281825d\" data-element_type=\"widget\" data-widget_type=\"heading.default\">\n\t\t\t\t<div class=\"elementor-widget-container\">\n\t\t\t<h2 class=\"elementor-heading-title elementor-size-default\">Jarri gurekin harremanetan konpromisorik gabe<\/h2>\t\t<\/div>\n\t\t\t\t<\/div>\n\t\t\t\t\t\t<\/div>\n\t\t\t\t\t<\/div>\n\t\t<\/div>\n\t\t\t\t<div class=\"elementor-column elementor-col-50 elementor-top-column elementor-element elementor-element-7ce2bff\" data-id=\"7ce2bff\" data-element_type=\"column\">\n\t\t\t<div class=\"elementor-column-wrap elementor-element-populated\">\n\t\t\t\t\t\t\t<div class=\"elementor-widget-wrap\">\n\t\t\t\t\t\t<div class=\"elementor-element elementor-element-70d2cb0 elementor-button-info elementor-align-center elementor-widget elementor-widget-button\" data-id=\"70d2cb0\" data-element_type=\"widget\" data-widget_type=\"button.default\">\n\t\t\t\t<div class=\"elementor-widget-container\">\n\t\t\t\t\t<div class=\"elementor-button-wrapper\">\n\t\t\t<a href=\"http:\/\/www.aseplan.com\/index.php\/eu\/kontaktua-aholkularitza\/\" class=\"elementor-button-link elementor-button elementor-size-lg\" role=\"button\">\n\t\t\t\t\t\t<span class=\"elementor-button-content-wrapper\">\n\t\t\t\t\t\t<span class=\"elementor-button-text\">Kontaktua<\/span>\n\t\t<\/span>\n\t\t\t\t\t<\/a>\n\t\t<\/div>\n\t\t\t\t<\/div>\n\t\t\t\t<\/div>\n\t\t\t\t\t\t<\/div>\n\t\t\t\t\t<\/div>\n\t\t<\/div>\n\t\t\t\t\t\t\t\t<\/div>\n\t\t\t\t\t<\/div>\n\t\t<\/section>\n\t\t\t\t\t\t<\/div>\n\t\t\t\t\t\t<\/div>\n\t\t\t\t\t<\/div>\n\t\t","protected":false},"excerpt":{"rendered":"<p>Cookieen gaineko jokabidea a) Cookieen erabilera. b) Cookie motak, helburua eta funtzionamendua. c) Nola desgaitu cookieak nabigatzailerik nagusienetan. d) Zer gertatzen da cookieak desgaitzen badituzu. \u00a0 a) Aseplan Aholkularitza, S.L.k cookieak erabiltzea, izen komertzialarekin eta aurrerantzean \u201cAseplan\u201d Aseplan\u00b4ek\u00abcookieak\u00bb eta antzeko tresnak (hemendik aurrera, cookieak) erabiltzen ditu. Cookieak web-zerbitzari baten bidez nabigatzaile batera bidaltzen diren fitxategiak [&hellip;]<\/p>\n","protected":false},"author":1,"featured_media":0,"parent":0,"menu_order":0,"comment_status":"closed","ping_status":"closed","template":"elementor_header_footer","meta":[],"_links":{"self":[{"href":"https:\/\/www.aseplan.com\/index.php\/wp-json\/wp\/v2\/pages\/427"}],"collection":[{"href":"https:\/\/www.aseplan.com\/index.php\/wp-json\/wp\/v2\/pages"}],"about":[{"href":"https:\/\/www.aseplan.com\/index.php\/wp-json\/wp\/v2\/types\/page"}],"author":[{"embeddable":true,"href":"https:\/\/www.aseplan.com\/index.php\/wp-json\/wp\/v2\/users\/1"}],"replies":[{"embeddable":true,"href":"https:\/\/www.aseplan.com\/index.php\/wp-json\/wp\/v2\/comments?post=427"}],"version-history":[{"count":3,"href":"https:\/\/www.aseplan.com\/index.php\/wp-json\/wp\/v2\/pages\/427\/revisions"}],"predecessor-version":[{"id":430,"href":"https:\/\/www.aseplan.com\/index.php\/wp-json\/wp\/v2\/pages\/427\/revisions\/430"}],"wp:attachment":[{"href":"https:\/\/www.aseplan.com\/index.php\/wp-json\/wp\/v2\/media?parent=427"}],"curies":[{"name":"wp","href":"https:\/\/api.w.org\/{rel}","templated":true}]}}